{"id":315,"date":"2017-01-02T11:41:27","date_gmt":"2017-01-02T09:41:27","guid":{"rendered":"http:\/\/socrates.de\/?page_id=315"},"modified":"2024-02-19T14:04:27","modified_gmt":"2024-02-19T13:04:27","slug":"startseite","status":"publish","type":"page","link":"https:\/\/socrates.de\/","title":{"rendered":"Startseite"},"content":{"rendered":"<h1 style=\"text-align: left;\"><\/h1>\n<h2 style=\"text-align: left;\"><span style=\"font-family: 'times new roman', times, serif;\"><span style=\"font-family: arial, helvetica, sans-serif;\"><strong>Herzlich willkommen bei<\/strong> <strong>der<\/strong><\/span><span style=\"color: green;\"><br \/>\n<span style=\"color: red;\">SOCRATES B\u00fcroservice<\/span> <span style=\"color: #ff0000;\">GmbH<img loading=\"lazy\" decoding=\"async\" class=\"right alignright\" src=\"https:\/\/socrates.de\/wp-content\/uploads\/2016\/02\/Akcent-Comp-Logo.gif\" alt=\"\" width=\"158\" height=\"80\" \/><\/span><br \/>\n<\/span><span style=\"font-family: arial, helvetica, sans-serif; font-size: 18pt;\"><strong>in Potsdam<\/strong><\/span><\/span><\/h2>\n<h2 style=\"text-align: left;\"><strong><span style=\"font-family: 'times new roman', times, serif;\"><span style=\"font-family: arial, helvetica, sans-serif;\">Unser Leistungsangebot: \u00a0\u00a0 <\/span><a href=\"https:\/\/www.wortmann.de\/\" target=\"_blank\" rel=\"noopener noreferrer\"><img loading=\"lazy\" decoding=\"async\" class=\"right wp-image-93 alignright\" style=\"margin-left: 40px; margin-right: 40px; border-style: solid;\" src=\"https:\/\/socrates.de\/wp-content\/uploads\/2016\/02\/Logo-TERRA-Value-Partner-246x300.jpg\" alt=\"\" width=\"106\" height=\"129\" srcset=\"https:\/\/socrates.de\/wp-content\/uploads\/2016\/02\/Logo-TERRA-Value-Partner-246x300.jpg 246w, https:\/\/socrates.de\/wp-content\/uploads\/2016\/02\/Logo-TERRA-Value-Partner-768x937.jpg 768w, https:\/\/socrates.de\/wp-content\/uploads\/2016\/02\/Logo-TERRA-Value-Partner-839x1024.jpg 839w, https:\/\/socrates.de\/wp-content\/uploads\/2016\/02\/Logo-TERRA-Value-Partner.jpg 1333w\" sizes=\"auto, (max-width: 106px) 100vw, 106px\" \/> <\/a><\/span><\/strong><\/h2>\n<ul>\n<li style=\"text-align: left;\"><span style=\"font-family: arial, helvetica, sans-serif; font-size: 12pt;\">Vertrieb von <a href=\"https:\/\/socrates.de\/?page_id=322\">Hardware<\/a>, <a href=\"https:\/\/socrates.de\/?page_id=324\">Software<\/a><a href=\"https:\/\/socrates.de\/?page_id=328\" rel=\"noopener noreferrer\"> <span style=\"color: #000000;\">und<\/span> <\/a>Zubeh\u00f6r<\/span><\/li>\n<li style=\"text-align: left;\"><span style=\"font-family: arial, helvetica, sans-serif; font-size: 12pt;\">professionelle <a href=\"https:\/\/socrates.de\/?page_id=628\">Druck- und Dokumentenscanner-Systeme <\/a><\/span><\/li>\n<li style=\"text-align: left;\"><span style=\"font-family: arial, helvetica, sans-serif; font-size: 12pt;\">markenunabh\u00e4ngige Wartung und Reparatur von PC- und Drucktechnik<\/span><\/li>\n<li style=\"text-align: left;\"><span style=\"font-family: arial, helvetica, sans-serif; font-size: 12pt;\">Planung, Installation und Wartung von <a href=\"https:\/\/socrates.de\/?page_id=326\">Netzwerken, Telefonanlagen und Video\u00fcberwachungsanlagen<\/a><\/span><\/li>\n<li style=\"text-align: left;\"><span style=\"font-family: arial, helvetica, sans-serif; font-size: 12pt;\">Beratung und Unterst\u00fctzung bei der Einf\u00fchrung von DV-Systemen<\/span><\/li>\n<li style=\"text-align: left;\"><span style=\"font-family: arial, helvetica, sans-serif;\"><span style=\"font-size: 12pt;\">Vertrieb und Komplettinstallation von <a href=\"https:\/\/socrates.de\/?page_id=328\">Beamertechnik\u00a0<\/a><\/span>\u00a0 <span style=\"font-size: 12pt;\">und <a href=\"https:\/\/socrates.de\/?page_id=328\">Pr\u00e4sentationssystemen<\/a><\/span><\/span><\/li>\n<li style=\"text-align: left;\"><span style=\"font-family: arial, helvetica, sans-serif; font-size: 12pt;\">Vertrieb, Installation und Betreuung von Branchenl\u00f6sungen wie <a href=\"https:\/\/socrates.de\/?page_id=330\">Handicraft<\/a><\/span><\/li>\n<\/ul>\n","protected":false},"excerpt":{"rendered":"<p>Herzlich willkommen bei der SOCRATES B\u00fcroservice GmbH in Potsdam Unser Leistungsangebot: \u00a0\u00a0 Vertrieb von Hardware, Software und Zubeh\u00f6r professionelle Druck- und Dokumentenscanner-Systeme markenunabh\u00e4ngige Wartung und Reparatur von PC- und Drucktechnik Planung, Installation und Wartung von Netzwerken, Telefonanlagen und Video\u00fcberwachungsanlagen Beratung und Unterst\u00fctzung bei der Einf\u00fchrung von DV-Systemen Vertrieb und Komplettinstallation von Beamertechnik\u00a0\u00a0 und Pr\u00e4sentationssystemen Vertrieb, &hellip; <\/p>\n<p><a class=\"more-link btn\" href=\"https:\/\/socrates.de\/\">Weiterlesen<\/a><\/p>\n","protected":false},"author":1,"featured_media":0,"parent":0,"menu_order":0,"comment_status":"closed","ping_status":"closed","template":"","meta":{"footnotes":""},"class_list":["post-315","page","type-page","status-publish","hentry","nodate","item-wrap"],"_links":{"self":[{"href":"https:\/\/socrates.de\/index.php?rest_route=\/wp\/v2\/pages\/315","targetHints":{"allow":["GET"]}}],"collection":[{"href":"https:\/\/socrates.de\/index.php?rest_route=\/wp\/v2\/pages"}],"about":[{"href":"https:\/\/socrates.de\/index.php?rest_route=\/wp\/v2\/types\/page"}],"author":[{"embeddable":true,"href":"https:\/\/socrates.de\/index.php?rest_route=\/wp\/v2\/users\/1"}],"replies":[{"embeddable":true,"href":"https:\/\/socrates.de\/index.php?rest_route=%2Fwp%2Fv2%2Fcomments&post=315"}],"version-history":[{"count":88,"href":"https:\/\/socrates.de\/index.php?rest_route=\/wp\/v2\/pages\/315\/revisions"}],"predecessor-version":[{"id":7239,"href":"https:\/\/socrates.de\/index.php?rest_route=\/wp\/v2\/pages\/315\/revisions\/7239"}],"wp:attachment":[{"href":"https:\/\/socrates.de\/index.php?rest_route=%2Fwp%2Fv2%2Fmedia&parent=315"}],"curies":[{"name":"wp","href":"https:\/\/api.w.org\/{rel}","templated":true}]}}