{"id":322,"date":"2017-01-02T11:42:15","date_gmt":"2017-01-02T09:42:15","guid":{"rendered":"http:\/\/socrates.de\/?page_id=322"},"modified":"2025-07-16T10:57:19","modified_gmt":"2025-07-16T09:57:19","slug":"hardware","status":"publish","type":"page","link":"https:\/\/socrates.de\/?page_id=322","title":{"rendered":"Hardware &#038; Service"},"content":{"rendered":"<h4 class=\"western\"><span style=\"font-family: Arial, sans-serif;\"><span style=\"font-size: small;\"><strong><span style=\"font-size: large;\">Wir sind Vertriebspartner f\u00fchrender IT-Hersteller wodurch wir unseren Kunden eine qualitativ gro\u00dfe Auswahl an PC-Technik liefern k\u00f6nnen.<\/span><\/strong><\/span><\/span><\/h4>\n<h4><strong><span style=\"font-family: Arial, sans-serif;\"><span style=\"font-size: small;\"><span style=\"font-size: medium;\">\u00a0<\/span><\/span><\/span><\/strong><\/h4>\n<div id=\"attachment_93\" style=\"width: 107px\" class=\"wp-caption alignright\"><a href=\"https:\/\/www.wortmann.de\/\" target=\"_blank\" rel=\"noopener noreferrer\"><img loading=\"lazy\" decoding=\"async\" aria-describedby=\"caption-attachment-93\" class=\"right wp-image-93\" src=\"https:\/\/socrates.de\/wp-content\/uploads\/2016\/02\/Logo-TERRA-Value-Partner-246x300.jpg\" alt=\"\" width=\"107\" height=\"131\" srcset=\"https:\/\/socrates.de\/wp-content\/uploads\/2016\/02\/Logo-TERRA-Value-Partner-246x300.jpg 246w, https:\/\/socrates.de\/wp-content\/uploads\/2016\/02\/Logo-TERRA-Value-Partner-768x937.jpg 768w, https:\/\/socrates.de\/wp-content\/uploads\/2016\/02\/Logo-TERRA-Value-Partner-839x1024.jpg 839w, https:\/\/socrates.de\/wp-content\/uploads\/2016\/02\/Logo-TERRA-Value-Partner.jpg 1333w\" sizes=\"auto, (max-width: 107px) 100vw, 107px\" \/><\/a><p id=\"caption-attachment-93\" class=\"wp-caption-text\">Wortmann AG: &#8211; PCs, Server, Notebooks und Tablets, Displays, Speichersysteme, Cloud-L\u00f6sungen<\/p><\/div>\n<p><span style=\"font-family: Arial, sans-serif;\"><span style=\"font-size: small;\"><strong><span style=\"font-size: medium;\">Als langj\u00e4hriger Partner\u00a0der terra Wortmann AG haben wir unmittelbaren Zugriff auf Komplettsysteme f\u00fcr die unterschiedlichsten Einsatzbereiche.Egal ob leistungsstarke Workstations oder\u00a0SuperSilent Computer. Alles genau auf Ihre Bed\u00fcrfnisse angepasst.<\/span><\/strong><\/span><\/span><\/p>\n<p><span style=\"font-family: Arial, sans-serif;\"><span style=\"font-size: medium;\">Weiterhin fertigen wir auf Wunsch <\/span><\/span><strong><span style=\"font-family: Arial, sans-serif;\"><span style=\"font-size: medium;\">Sonderkonfigurationen<\/span><\/span><\/strong><span style=\"font-family: Arial, sans-serif;\"><span style=\"font-size: medium;\"> genau nach Ihren W\u00fcnschen. <\/span><\/span><\/p>\n<p><span style=\"font-family: Arial, sans-serif;\"><span style=\"font-size: medium;\">Au\u00dferdem f\u00fchren wir <\/span><\/span><strong><span style=\"font-family: Arial, sans-serif;\"><span style=\"font-size: medium;\">herstellerunabh\u00e4ngig Hardware-Reparaturen<\/span><\/span><\/strong><span style=\"font-family: Arial, sans-serif;\"><span style=\"font-size: medium;\"> an Ihrer IT durch.<\/span><\/span><\/p>\n<p><span style=\"font-family: Arial, sans-serif;\"><span style=\"font-size: medium;\">Als langj\u00e4hriges Mitglied des Akcent Systemhausverbundes steht uns auch die geballte Power und\u00a0 Fachkompetenz mit ca. 800 IT-Partnern und Herstellern zur Verf\u00fcgung. Hier einige Partner im \u00dcberblick.<\/span><\/span><\/p>\n<div id=\"attachment_467\" style=\"width: 122px\" class=\"wp-caption alignleft\"><img loading=\"lazy\" decoding=\"async\" aria-describedby=\"caption-attachment-467\" class=\"right wp-image-467\" src=\"https:\/\/socrates.de\/wp-content\/uploads\/2017\/01\/738x415_f5f5f5-300x225.jpg\" alt=\"\" width=\"122\" height=\"91\" \/><p id=\"caption-attachment-467\" class=\"wp-caption-text\">PCs, Notebooks, Server, Displays, Dokumentenscanner<\/p><\/div>\n<div id=\"attachment_209\" style=\"width: 189px\" class=\"wp-caption alignleft\"><a href=\"https:\/\/www.tarox.de\/\" target=\"_blank\" rel=\"noopener noreferrer\"><img loading=\"lazy\" decoding=\"async\" aria-describedby=\"caption-attachment-209\" class=\"left wp-image-209\" src=\"https:\/\/socrates.de\/wp-content\/uploads\/2016\/02\/tarox-1.png\" alt=\"\" width=\"189\" height=\"52\" \/><\/a><p id=\"caption-attachment-209\" class=\"wp-caption-text\">PCs, Server, Notebooks, Displays, \u00a0 Speichersysteme<\/p><\/div>\n<div id=\"attachment_467\" style=\"width: 119px\" class=\"wp-caption alignleft\"><a href=\"https:\/\/www.intel.de\/content\/www\/de\/de\/homepage.html\" target=\"_blank\" rel=\"noopener noreferrer\"><img loading=\"lazy\" decoding=\"async\" aria-describedby=\"caption-attachment-467\" class=\"wp-image-467\" src=\"https:\/\/socrates.de\/wp-content\/uploads\/2017\/01\/Intel-logo.gif\" alt=\"\" width=\"119\" height=\"112\" \/><\/a><p id=\"caption-attachment-467\" class=\"wp-caption-text\">CPUs, Mainboards, Serverplattformen <strong>&#8211; Intel Technology Provider<\/strong><\/p><\/div>\n<div id=\"attachment_503\" style=\"width: 71px\" class=\"wp-caption alignleft\"><a href=\"https:\/\/www.epson.de\/\" target=\"_blank\" rel=\"noopener noreferrer\"><img loading=\"lazy\" decoding=\"async\" aria-describedby=\"caption-attachment-503\" class=\"right wp-image-503\" src=\"https:\/\/socrates.de\/wp-content\/uploads\/2017\/01\/Epson.png\" width=\"71\" height=\"71\" srcset=\"https:\/\/socrates.de\/wp-content\/uploads\/2017\/01\/Epson.png 200w, https:\/\/socrates.de\/wp-content\/uploads\/2017\/01\/Epson-150x150.png 150w\" sizes=\"auto, (max-width: 71px) 100vw, 71px\" \/><\/a><p id=\"caption-attachment-503\" class=\"wp-caption-text\">Beamer, Drucker, Scanner<\/p><\/div>\n<div id=\"attachment_483\" style=\"width: 128px\" class=\"wp-caption alignleft\"><a href=\"https:\/\/www.acer.com\/de-de\" target=\"_blank\" rel=\"noopener noreferrer\"><img loading=\"lazy\" decoding=\"async\" aria-describedby=\"caption-attachment-483\" class=\"left wp-image-483\" src=\"https:\/\/socrates.de\/wp-content\/uploads\/2017\/01\/acer-logo-300x76.png\" alt=\"\" width=\"128\" height=\"32\" srcset=\"https:\/\/socrates.de\/wp-content\/uploads\/2017\/01\/acer-logo-300x76.png 300w, https:\/\/socrates.de\/wp-content\/uploads\/2017\/01\/acer-logo.png 590w\" sizes=\"auto, (max-width: 128px) 100vw, 128px\" \/><\/a><p id=\"caption-attachment-483\" class=\"wp-caption-text\">PCs, Server, Notebooks, Displays, Beamer <strong>&#8211; Synergy Partner silver <\/strong><\/p><\/div>\n<div id=\"attachment_209\" style=\"width: 90px\" class=\"wp-caption alignleft\"><img loading=\"lazy\" decoding=\"async\" aria-describedby=\"caption-attachment-209\" class=\"wp-image-209\" src=\"https:\/\/socrates.de\/wp-content\/uploads\/2016\/02\/hp-logo.jpg\" alt=\"\" width=\"90\" height=\"90\" \/><p id=\"caption-attachment-209\" class=\"wp-caption-text\">PCs, Notebooks, Server, Speichersysteme, Drucker, Plotter<\/p><\/div>\n<div id=\"attachment_517\" style=\"width: 92px\" class=\"wp-caption alignleft\"><a href=\"https:\/\/www3.lenovo.com\/de\/de\/\" target=\"_blank\" rel=\"noopener noreferrer\"><img loading=\"lazy\" decoding=\"async\" aria-describedby=\"caption-attachment-517\" class=\"left wp-image-517\" src=\"https:\/\/socrates.de\/wp-content\/uploads\/2017\/01\/lenovo-logo-partner.png\" alt=\"\" width=\"92\" height=\"70\" \/><\/a><p id=\"caption-attachment-517\" class=\"wp-caption-text\">Notebooks, PCs, Server<\/p><\/div>\n<div id=\"attachment_502\" style=\"width: 144px\" class=\"wp-caption alignleft\"><a href=\"https:\/\/www.asus.com\/de\/\" target=\"_blank\" rel=\"noopener noreferrer\"><img loading=\"lazy\" decoding=\"async\" aria-describedby=\"caption-attachment-502\" class=\"left wp-image-502\" src=\"https:\/\/socrates.de\/wp-content\/uploads\/2017\/01\/asus-logo-300x150.png\" width=\"144\" height=\"72\" \/><\/a><p id=\"caption-attachment-502\" class=\"wp-caption-text\">Notebooks<\/p><\/div>\n<div id=\"attachment_140\" style=\"width: 158px\" class=\"wp-caption alignleft\"><img loading=\"lazy\" decoding=\"async\" aria-describedby=\"caption-attachment-140\" class=\"wp-image-140 size-full\" src=\"https:\/\/socrates.de\/wp-content\/uploads\/2016\/02\/Akcent-Comp-Logo.gif\" alt=\"\" width=\"158\" height=\"80\" \/><p id=\"caption-attachment-140\" class=\"wp-caption-text\">Mitglied im gr\u00f6\u00dften deutschen Systemhausverbund<\/p><\/div>\n<div id=\"attachment_621\" style=\"width: 92px\" class=\"wp-caption alignleft\"><img loading=\"lazy\" decoding=\"async\" aria-describedby=\"caption-attachment-621\" class=\"wp-image-621\" title=\"right\" src=\"https:\/\/socrates.de\/wp-content\/uploads\/2017\/01\/LG_PL_Logo_50x60_BP-250x300.png\" alt=\"\" width=\"92\" height=\"111\" srcset=\"https:\/\/socrates.de\/wp-content\/uploads\/2017\/01\/LG_PL_Logo_50x60_BP-250x300.png 250w, https:\/\/socrates.de\/wp-content\/uploads\/2017\/01\/LG_PL_Logo_50x60_BP.png 591w\" sizes=\"auto, (max-width: 92px) 100vw, 92px\" \/><p id=\"caption-attachment-621\" class=\"wp-caption-text\">Displays und Beamer<\/p><\/div>\n<p><a href=\"https:\/\/socrates.de\/?page_id=513\"><strong>weitere Partner<\/strong><\/a><\/p>\n","protected":false},"excerpt":{"rendered":"<p>Wir sind Vertriebspartner f\u00fchrender IT-Hersteller wodurch wir unseren Kunden eine qualitativ gro\u00dfe Auswahl an PC-Technik liefern k\u00f6nnen. \u00a0 Als langj\u00e4hriger Partner\u00a0der terra Wortmann AG haben wir unmittelbaren Zugriff auf Komplettsysteme f\u00fcr die unterschiedlichsten Einsatzbereiche.Egal ob leistungsstarke Workstations oder\u00a0SuperSilent Computer. Alles genau auf Ihre Bed\u00fcrfnisse angepasst. Weiterhin fertigen wir auf Wunsch Sonderkonfigurationen genau nach Ihren W\u00fcnschen. &hellip; <\/p>\n<p><a class=\"more-link btn\" href=\"https:\/\/socrates.de\/?page_id=322\">Weiterlesen<\/a><\/p>\n","protected":false},"author":1,"featured_media":0,"parent":0,"menu_order":0,"comment_status":"closed","ping_status":"closed","template":"","meta":{"footnotes":""},"class_list":["post-322","page","type-page","status-publish","hentry","nodate","item-wrap"],"_links":{"self":[{"href":"https:\/\/socrates.de\/index.php?rest_route=\/wp\/v2\/pages\/322","targetHints":{"allow":["GET"]}}],"collection":[{"href":"https:\/\/socrates.de\/index.php?rest_route=\/wp\/v2\/pages"}],"about":[{"href":"https:\/\/socrates.de\/index.php?rest_route=\/wp\/v2\/types\/page"}],"author":[{"embeddable":true,"href":"https:\/\/socrates.de\/index.php?rest_route=\/wp\/v2\/users\/1"}],"replies":[{"embeddable":true,"href":"https:\/\/socrates.de\/index.php?rest_route=%2Fwp%2Fv2%2Fcomments&post=322"}],"version-history":[{"count":104,"href":"https:\/\/socrates.de\/index.php?rest_route=\/wp\/v2\/pages\/322\/revisions"}],"predecessor-version":[{"id":7241,"href":"https:\/\/socrates.de\/index.php?rest_route=\/wp\/v2\/pages\/322\/revisions\/7241"}],"wp:attachment":[{"href":"https:\/\/socrates.de\/index.php?rest_route=%2Fwp%2Fv2%2Fmedia&parent=322"}],"curies":[{"name":"wp","href":"https:\/\/api.w.org\/{rel}","templated":true}]}}