{"id":324,"date":"2017-01-02T11:45:08","date_gmt":"2017-01-02T09:45:08","guid":{"rendered":"http:\/\/socrates.de\/?page_id=324"},"modified":"2023-01-09T13:22:23","modified_gmt":"2023-01-09T12:22:23","slug":"software","status":"publish","type":"page","link":"https:\/\/socrates.de\/?page_id=324","title":{"rendered":"Software"},"content":{"rendered":"\n<h4 class=\"wp-block-heading\"><strong>Standardsoftware &#8211; Betriebssysteme \/ Office-Anwendungen\/ Tools<img loading=\"lazy\" decoding=\"async\" class=\"right alignright wp-image-400\" src=\"https:\/\/socrates.de\/wp-content\/uploads\/2017\/01\/AEP-300x100.jpg\" width=\"216\" height=\"72\"><\/strong><\/h4>\n\n\n\n<p>Bei uns erhalten Sie die Software, die Sie f\u00fcr den t\u00e4glichen B\u00fcroalltag ben\u00f6tigen. Ob Windows-Betriebssysteme, Office-Pakete oder spezielle Anwendungsprogramme- fragen Sie einfach bei uns an&#8230;<\/p>\n\n\n\n<p>Socrates ist seit 2008 zertifizierter Microsoft-Partner f\u00fcr den Vertrieb von Schul- und Academic-Lizenzen <strong>(AEP).<\/strong><\/p>\n\n\n\n<h4 class=\"wp-block-heading\"><strong>Datensicherung und Datensicherheit<\/strong><\/h4>\n\n\n\n<p>Daten sind mit das wichtigste Gut, das Sie im Gesch\u00e4ftsbetrieb haben, weshalb ein stets sorgsamer Umgang damit&nbsp; erforderlich ist. So muss jederzeit ein technischer Ausfall der Datentr\u00e4ger oder z.B. das eindringen von Schadsoftware kompensiert werden k\u00f6nnen. Dazu kommt aber auch die ab 1.1.2017 gesetzlich verpflichtende Archivierung von Gesch\u00e4tsmails , der es gilt, gerecht zu werden.<\/p>\n\n\n\n<h4 class=\"wp-block-heading\"><strong>Mailstore<\/strong><a href=\"https:\/\/www.mailstore.com\/de\/\" target=\"_blank\" rel=\"noopener noreferrer\"><img loading=\"lazy\" decoding=\"async\" class=\"alignright wp-image-539 size-full\" src=\"https:\/\/socrates.de\/wp-content\/uploads\/2017\/01\/mailstore_logo.png\" alt=\"\" width=\"123\" height=\"52\"><\/a> (Mail-Archivierung made in Germany)<\/h4>\n\n\n\n<p>E-Mails sind auch f\u00fcr alle Anwender eine kostbare Wissensquelle. Viele Informationen und wichtige Dateien sind ausschlie\u00dflich in Form von E-Mails gespeichert. Mit MailStore k\u00f6nnen Sie alle E-Mails, auch wenn sich diese \u00fcber unterschiedliche Computer, Programme oder Postf\u00e4cher verteilen, in einem zentralen Archiv sichern. Wahlweise auf Ihrem PC, oder vollkommen &#8222;portable&#8220; auf einem USB-Speicher.<\/p>\n\n\n\n<p>Auf diese Weise werden Sie nie wieder E-Mails verlieren und k\u00f6nnen Ihre gesamte Kommunikation extrem schnell durchsuchen. Archivierte E-Mails k\u00f6nnen zudem zum Beantworten oder Weiterleiten mit nur einem Mausklick im gewohnten E-Mail-Programm ge\u00f6ffnet werden.<\/p>\n\n\n<div class=\"wp-block-image\">\n<figure class=\"alignright is-resized\"><a href=\"https:\/\/www.novastor.de\/\" target=\"_blank\" rel=\"noopener noreferrer\"><img loading=\"lazy\" decoding=\"async\" src=\"https:\/\/socrates.de\/wp-content\/uploads\/2017\/01\/novastor_partner-300x220-300x220.png\" alt=\"\" class=\"wp-image-540\" width=\"213\" height=\"156\"\/><\/a><\/figure>\n<\/div>\n\n\n<h4 class=\"wp-block-heading\"><strong>Novastor<\/strong><\/h4>\n\n\n\n<p><strong>Backup Software Made in Germany<\/strong><\/p>\n\n\n\n<p>Der deutsche Software-Hersteller NovaStor steht f\u00fcr h\u00f6chste Qualit\u00e4t und Zuverl\u00e4ssigkeit bei der Datensicherung. Das Hamburger Unternehmen ist Ihr pers\u00f6nlicher Partner vor Ort.<\/p>\n\n\n<div class=\"wp-block-image\">\n<figure class=\"alignright\"><a href=\"https:\/\/www.kaspersky.de\/\" target=\"_blank\" rel=\"noopener noreferrer\"><img loading=\"lazy\" decoding=\"async\" width=\"200\" height=\"200\" src=\"https:\/\/socrates.de\/wp-content\/uploads\/2016\/02\/Kaspersky-Mobile-Security-7-0-32-Now-Available-2.jpg\" alt=\"\" class=\"wp-image-78\" srcset=\"https:\/\/socrates.de\/wp-content\/uploads\/2016\/02\/Kaspersky-Mobile-Security-7-0-32-Now-Available-2.jpg 200w, https:\/\/socrates.de\/wp-content\/uploads\/2016\/02\/Kaspersky-Mobile-Security-7-0-32-Now-Available-2-150x150.jpg 150w\" sizes=\"auto, (max-width: 200px) 100vw, 200px\" \/><\/a><\/figure>\n<\/div>\n\n\n<div class=\"ng-scope\">\n<h4><strong>Kaspersky Labs&nbsp; <\/strong><\/h4>\n<p><strong>H\u00e4ufig getestet. Vielfach ausgezeichnet. Der Schutz von Kaspersky Labs.<\/strong><\/p>\n<p>Die &nbsp;Sicherheitstechnologien von Kaspersky sind bereits seit drei Jahren in Folge die mit den meisten Tests und Auszeichnungen. Bei zahlreichen unabh\u00e4ngigen Tests erzielten diese Produkte best\u00e4ndig mehr erste R\u00e4nge und mehr Platzierungen in den Top&nbsp;3 als die anderer Anbieter.<\/p>\n<div class=\"ng-scope\">\n<p>Sie wissen, dass sie Kaspersky vertrauen k\u00f6nnen, wenn es um den Schutz der wirklich wichtigen Dinge geht \u2013 Privatsph\u00e4re, Geld, Dateien, Fotos, Familie und vieles mehr.<\/p>\n<\/div>\n<p class=\"page-desc ng-binding ng-scope\">Ihrem digitalen Leben verlassen Sie sich auf Computer, Tablets und Smartphones zum Surfen, f\u00fcr Online-Banking und zum Shoppen. Unsere vielfach ausgezeichneten Sicherheitsl\u00f6sungen sch\u00fctzen, was Ihnen wichtig ist: Ihre Familie, Ihre Privatsph\u00e4re und Ihre Finanzen.<\/p>\n<p>Gro\u00dfunternehmen, \u00f6ffentliche Einrichtungen und kleinere Unternehmen w\u00e4hlen Kaspersky Lab, um ihre Unternehmenssysteme, Daten und Prozesse zu sch\u00fctzen.<\/p>\n<\/div>\n\n\n\n<h4 class=\"alignwide wp-block-heading\"><strong>Datenre<span data-mce-type=\"bookmark\" id=\"mce_1_start\" data-mce-style=\"overflow:hidden;line-height:0px\" style=\"overflow:hidden;line-height:0px\">ttung<\/span><\/strong>                                                                                                               <code><img loading=\"lazy\" decoding=\"async\" width=\"150\" height=\"35\" class=\"wp-image-7167\" style=\"width: 150px;\" src=\"https:\/\/socrates.de\/wp-content\/uploads\/2022\/11\/ontrack_c.jpg\" alt=\"\" srcset=\"https:\/\/socrates.de\/wp-content\/uploads\/2022\/11\/ontrack_c.jpg 1338w, https:\/\/socrates.de\/wp-content\/uploads\/2022\/11\/ontrack_c-300x70.jpg 300w, https:\/\/socrates.de\/wp-content\/uploads\/2022\/11\/ontrack_c-1024x240.jpg 1024w, https:\/\/socrates.de\/wp-content\/uploads\/2022\/11\/ontrack_c-768x180.jpg 768w\" sizes=\"auto, (max-width: 150px) 100vw, 150px\" \/><\/code><\/h4>\n\n\n\n\n\n<p>Was machen, wenn die Daten &#8222;pl\u00f6tzlich&#8220; weg sind ??<\/p>\n\n\n\n<p>Wir sind Partner von Ontrack, dem f\u00fchrenden Anbieter f\u00fcr -L\u00f6sungen zur Datenrettung&nbsp;von allen Infrastrukturen und Speichermedien.<\/p>\n","protected":false},"excerpt":{"rendered":"<p>Standardsoftware &#8211; Betriebssysteme \/ Office-Anwendungen\/ Tools Bei uns erhalten Sie die Software, die Sie f\u00fcr den t\u00e4glichen B\u00fcroalltag ben\u00f6tigen. Ob Windows-Betriebssysteme, Office-Pakete oder spezielle Anwendungsprogramme- fragen Sie einfach bei uns an&#8230; Socrates ist seit 2008 zertifizierter Microsoft-Partner f\u00fcr den Vertrieb von Schul- und Academic-Lizenzen (AEP). Datensicherung und Datensicherheit Daten sind mit das wichtigste Gut, das &hellip; <\/p>\n<p><a class=\"more-link btn\" href=\"https:\/\/socrates.de\/?page_id=324\">Weiterlesen<\/a><\/p>\n","protected":false},"author":1,"featured_media":0,"parent":0,"menu_order":0,"comment_status":"closed","ping_status":"closed","template":"","meta":{"footnotes":""},"class_list":["post-324","page","type-page","status-publish","hentry","nodate","item-wrap"],"_links":{"self":[{"href":"https:\/\/socrates.de\/index.php?rest_route=\/wp\/v2\/pages\/324","targetHints":{"allow":["GET"]}}],"collection":[{"href":"https:\/\/socrates.de\/index.php?rest_route=\/wp\/v2\/pages"}],"about":[{"href":"https:\/\/socrates.de\/index.php?rest_route=\/wp\/v2\/types\/page"}],"author":[{"embeddable":true,"href":"https:\/\/socrates.de\/index.php?rest_route=\/wp\/v2\/users\/1"}],"replies":[{"embeddable":true,"href":"https:\/\/socrates.de\/index.php?rest_route=%2Fwp%2Fv2%2Fcomments&post=324"}],"version-history":[{"count":46,"href":"https:\/\/socrates.de\/index.php?rest_route=\/wp\/v2\/pages\/324\/revisions"}],"predecessor-version":[{"id":7218,"href":"https:\/\/socrates.de\/index.php?rest_route=\/wp\/v2\/pages\/324\/revisions\/7218"}],"wp:attachment":[{"href":"https:\/\/socrates.de\/index.php?rest_route=%2Fwp%2Fv2%2Fmedia&parent=324"}],"curies":[{"name":"wp","href":"https:\/\/api.w.org\/{rel}","templated":true}]}}