{"id":337,"date":"2017-01-02T11:42:22","date_gmt":"2017-01-02T09:42:22","guid":{"rendered":"http:\/\/socrates.de\/?page_id=337"},"modified":"2025-07-16T10:54:55","modified_gmt":"2025-07-16T09:54:55","slug":"impressum","status":"publish","type":"page","link":"https:\/\/socrates.de\/?page_id=337","title":{"rendered":"Impressum"},"content":{"rendered":"\n\n<p class=\"html-txt-fett\">Firma: \u00a0 \u00a0 \u00a0 \u00a0 \u00a0 \u00a0\u00a0 <strong>Socrates B\u00fcroservice GmbH<br \/><\/strong><strong>\u00a0 \u00a0 \u00a0 \u00a0 \u00a0 \u00a0 \u00a0 \u00a0 \u00a0 \u00a0 \u00a0 \u00a0 \u00a0 \u00a0 \u00a0Am Neuen Palais 2A<br \/><\/strong><strong>\u00a0 \u00a0 \u00a0 \u00a0 \u00a0 \u00a0 \u00a0 \u00a0 \u00a0 \u00a0 \u00a0 \u00a0 \u00a0 \u00a0 \u00a014469 Potsdam<\/strong><\/p>\n<p class=\"html-txt-fett\">Telefon.: \u00a0 \u00a0 \u00a0 \u00a0 <strong>0331 &#8211; 7481129 \u00a0 \u00a0und \u00a0 0331 &#8211; 6205500<br \/><\/strong>Telefax: \u00a0 \u00a0 \u00a0 \u00a0 \u00a0 <strong>0331 &#8211; 7481130<br \/><\/strong>E-Mail: \u00a0<strong>\u00a0 \u00a0 \u00a0 \u00a0 \u00a0 team@socrates.de<br \/><\/strong>Homepage:\u00a0\u00a0 <strong>www.socrates.de<\/strong><\/p>\n<p class=\"html-txt-fett\">Gesch\u00e4ftsf\u00fchrer: \u00a0\u00a0<strong>Fred Bahlke<br \/><\/strong><strong>\u00a0 \u00a0 \u00a0 \u00a0 \u00a0 \u00a0 \u00a0 \u00a0 \u00a0 \u00a0 \u00a0 \u00a0 \u00a0 \u00a0 \u00a0 \u00a0 \u00a0 \u00a0 \u00a0 \u00a0<br \/><\/strong>Gerichtsstand: \u00a0 \u00a0 \u00a0\u00a0<strong>Potsdam<br \/><\/strong>Handelsregister: \u00a0 \u00a0<strong>Potsdam HRB 4219<br \/><\/strong>Steuernummer: \u00a0 \u00a0 \u00a0<strong>046\/118\/02061<\/strong><\/p>\n<p>Die Europ\u00e4ische\u00a0Kommission stellt eine Plattform zur Online-Streitbeilegung (OS) bereit:<br \/><a href=\"https:\/\/ec.europa.eu\/consumers\/odr\">http:\/\/ec.europa.eu\/consumers\/odr<br \/><\/a>Unsere E-Mail-Adresse finden Sie oben im Impressum.<\/p>\n<p>Wir sind nicht bereit oder verpflichtet, an\u00a0Streitbeilegungsverfahren vor einer Verbraucherschlichtungsstelle teilzunehmen.<\/p>\n<h4><strong>Haftung\u00a0f\u00fcr Inhalte<\/strong><\/h4>\n<p>Als Diensteanbieter sind wir gem\u00e4\u00df \u00a7 7 Abs.1 TMG f\u00fcr\u00a0eigene Inhalte auf diesen Seiten nach den allgemeinen Gesetzen verantwortlich. Nach \u00a7\u00a7 8 bis\u00a010 TMG sind wir als Diensteanbieter jedoch nicht verpflichtet, \u00fcbermittelte oder gespeicherte fremde\u00a0Informationen zu \u00fcberwachen oder nach Umst\u00e4nden zu forschen, die auf eine rechtswidrige\u00a0T\u00e4tigkeit hinweisen.<\/p>\n<p>Verpflichtungen zur Entfernung oder Sperrung der Nutzung von Informationen nach den allgemeinen Gesetzen bleiben hiervon unber\u00fchrt. Eine diesbez\u00fcgliche Haftung ist jedoch erst ab dem Zeitpunkt der Kenntnis einer konkreten Rechtsverletzung m\u00f6glich. Bei Bekanntwerden von entsprechenden Rechtsverletzungen werden wir diese Inhalte umgehend entfernen.<\/p>\n<h4><strong>Haftung f\u00fcr Links<\/strong><\/h4>\n<p>Unser Angebot enth\u00e4lt Links zu externen\u00a0Webseiten Dritter, auf deren Inhalte wir keinen Einfluss haben. Deshalb k\u00f6nnen wir f\u00fcr diese\u00a0fremden Inhalte auch keine Gew\u00e4hr \u00fcbernehmen. F\u00fcr die Inhalte der verlinkten Seiten ist\u00a0stets der jeweilige Anbieter oder Betreiber der Seiten verantwortlich. Die verlinkten Seiten wurden zum\u00a0Zeitpunkt der Verlinkung auf m\u00f6gliche Rechtsverst\u00f6\u00dfe \u00fcberpr\u00fcft.\u00a0Rechtswidrige Inhalte waren zum Zeitpunkt der Verlinkung nicht erkennbar.<\/p>\n<p>Eine permanente inhaltliche Kontrolle der verlinkten Seiten ist jedoch ohne konkrete Anhaltspunkte einer Rechtsverletzung\u00a0nicht zumutbar. <br \/>Bei Bekanntwerden von Rechtsverletzungen werden wir derartige Links umgehend entfernen.<\/p>\n<h4><strong>Urheberrecht<\/strong><\/h4>\n<p>Die durch die Seitenbetreiber erstellten Inhalte und Werke auf\u00a0diesen Seiten unterliegen dem deutschen Urheberrecht. Die Vervielf\u00e4ltigung, Bearbeitung,\u00a0Verbreitung und jede Art der Verwertung au\u00dferhalb der Grenzen des Urheberrechtes bed\u00fcrfen\u00a0der schriftlichen Zustimmung des jeweiligen Autors bzw. Erstellers. Downloads und Kopien dieser Seite\u00a0sind nur f\u00fcr den privaten, nicht kommerziellen Gebrauch gestattet.<\/p>\n<p>Soweit die Inhalte auf\u00a0dieser Seite nicht vom Betreiber erstellt wurden, werden die Urheberrechte Dritter beachtet. Insbesondere\u00a0werden Inhalte Dritter als solche gekennzeichnet. Sollten Sie trotzdem auf eine Urheberrechtsverletzung\u00a0aufmerksam werden, bitten wir um einen entsprechenden Hinweis. Bei Bekanntwerden von\u00a0Rechtsverletzungen werden wir derartige Inhalte umgehend entfernen.<\/p>\n<p>Quelle: <a href=\"https:\/\/www.e-recht24.de\/impressum-generator.html\">https:\/\/www.e-recht24.de\/impressumgenerator.html<\/a><\/p>","protected":false},"excerpt":{"rendered":"<p>Firma: \u00a0 \u00a0 \u00a0 \u00a0 \u00a0 \u00a0\u00a0 Socrates B\u00fcroservice GmbH\u00a0 \u00a0 \u00a0 \u00a0 \u00a0 \u00a0 \u00a0 \u00a0 \u00a0 \u00a0 \u00a0 \u00a0 \u00a0 \u00a0 \u00a0Am Neuen Palais 2A\u00a0 \u00a0 \u00a0 \u00a0 \u00a0 \u00a0 \u00a0 \u00a0 \u00a0 \u00a0 \u00a0 \u00a0 \u00a0 \u00a0 \u00a014469 Potsdam Telefon.: \u00a0 \u00a0 \u00a0 \u00a0 0331 &#8211; 7481129 \u00a0 \u00a0und \u00a0 0331 &#8211; &hellip; <\/p>\n<p><a class=\"more-link btn\" href=\"https:\/\/socrates.de\/?page_id=337\">Weiterlesen<\/a><\/p>\n","protected":false},"author":1,"featured_media":0,"parent":0,"menu_order":0,"comment_status":"closed","ping_status":"closed","template":"","meta":{"footnotes":""},"class_list":["post-337","page","type-page","status-publish","hentry","nodate","item-wrap"],"_links":{"self":[{"href":"https:\/\/socrates.de\/index.php?rest_route=\/wp\/v2\/pages\/337","targetHints":{"allow":["GET"]}}],"collection":[{"href":"https:\/\/socrates.de\/index.php?rest_route=\/wp\/v2\/pages"}],"about":[{"href":"https:\/\/socrates.de\/index.php?rest_route=\/wp\/v2\/types\/page"}],"author":[{"embeddable":true,"href":"https:\/\/socrates.de\/index.php?rest_route=\/wp\/v2\/users\/1"}],"replies":[{"embeddable":true,"href":"https:\/\/socrates.de\/index.php?rest_route=%2Fwp%2Fv2%2Fcomments&post=337"}],"version-history":[{"count":44,"href":"https:\/\/socrates.de\/index.php?rest_route=\/wp\/v2\/pages\/337\/revisions"}],"predecessor-version":[{"id":7240,"href":"https:\/\/socrates.de\/index.php?rest_route=\/wp\/v2\/pages\/337\/revisions\/7240"}],"wp:attachment":[{"href":"https:\/\/socrates.de\/index.php?rest_route=%2Fwp%2Fv2%2Fmedia&parent=337"}],"curies":[{"name":"wp","href":"https:\/\/api.w.org\/{rel}","templated":true}]}}